{"id":489,"date":"2023-03-08T09:56:08","date_gmt":"2023-03-08T09:56:08","guid":{"rendered":"https:\/\/www.hamm-ingenieurbuero.de\/?page_id=489"},"modified":"2023-03-08T10:10:48","modified_gmt":"2023-03-08T10:10:48","slug":"ingenieurbauwerke","status":"publish","type":"page","link":"https:\/\/www.hamm-ingenieurbuero.de\/?page_id=489","title":{"rendered":"Ingenieurbauwerke"},"content":{"rendered":"\t\t<div data-elementor-type=\"wp-page\" data-elementor-id=\"489\" class=\"elementor elementor-489\" data-elementor-post-type=\"page\">\n\t\t\t\t\t\t<section class=\"elementor-section elementor-top-section elementor-element elementor-element-4f728a12 elementor-section-full_width elementor-section-height-min-height elementor-section-height-default elementor-section-items-middle\" data-id=\"4f728a12\" data-element_type=\"section\" data-settings=\"{&quot;background_background&quot;:&quot;classic&quot;}\">\n\t\t\t\t\t\t<div class=\"elementor-container elementor-column-gap-default\">\n\t\t\t\t\t<div class=\"elementor-column elementor-col-100 elementor-top-column elementor-element elementor-element-2a4d90ca\" data-id=\"2a4d90ca\" data-element_type=\"column\" data-settings=\"{&quot;background_background&quot;:&quot;classic&quot;}\">\n\t\t\t<div class=\"elementor-widget-wrap elementor-element-populated\">\n\t\t\t\t\t\t<div class=\"elementor-element elementor-element-c60ecf1 elementor-widget elementor-widget-heading\" data-id=\"c60ecf1\" data-element_type=\"widget\" data-widget_type=\"heading.default\">\n\t\t\t\t<div class=\"elementor-widget-container\">\n\t\t\t<style>\/*! elementor - v3.23.0 - 05-08-2024 *\/\n.elementor-heading-title{padding:0;margin:0;line-height:1}.elementor-widget-heading .elementor-heading-title[class*=elementor-size-]>a{color:inherit;font-size:inherit;line-height:inherit}.elementor-widget-heading .elementor-heading-title.elementor-size-small{font-size:15px}.elementor-widget-heading .elementor-heading-title.elementor-size-medium{font-size:19px}.elementor-widget-heading .elementor-heading-title.elementor-size-large{font-size:29px}.elementor-widget-heading .elementor-heading-title.elementor-size-xl{font-size:39px}.elementor-widget-heading .elementor-heading-title.elementor-size-xxl{font-size:59px}<\/style><h2 class=\"elementor-heading-title elementor-size-default\">INGENIEURBAUWERKE<\/h2>\t\t<\/div>\n\t\t\t\t<\/div>\n\t\t\t\t\t<\/div>\n\t\t<\/div>\n\t\t\t\t\t<\/div>\n\t\t<\/section>\n\t\t\t\t<section class=\"elementor-section elementor-top-section elementor-element elementor-element-82dac36 elementor-section-full_width elementor-section-height-default elementor-section-height-default\" data-id=\"82dac36\" data-element_type=\"section\" data-settings=\"{&quot;background_background&quot;:&quot;classic&quot;}\">\n\t\t\t\t\t\t<div class=\"elementor-container elementor-column-gap-default\">\n\t\t\t\t\t<div class=\"elementor-column elementor-col-100 elementor-top-column elementor-element elementor-element-531cf225\" data-id=\"531cf225\" data-element_type=\"column\">\n\t\t\t<div class=\"elementor-widget-wrap elementor-element-populated\">\n\t\t\t\t\t\t<div class=\"elementor-element elementor-element-1e216a4f elementor-view-default elementor-invisible elementor-widget elementor-widget-icon\" data-id=\"1e216a4f\" data-element_type=\"widget\" data-settings=\"{&quot;_animation&quot;:&quot;fadeInDown&quot;}\" data-widget_type=\"icon.default\">\n\t\t\t\t<div class=\"elementor-widget-container\">\n\t\t\t\t\t<div class=\"elementor-icon-wrapper\">\n\t\t\t<a class=\"elementor-icon\" href=\"#experience\">\n\t\t\t<svg xmlns=\"http:\/\/www.w3.org\/2000\/svg\" id=\"f091b371-0a0c-4a7a-b831-d1a750619811\" data-name=\"Layer 1\" viewBox=\"0 0 24.9999 32\"><title>scroll-down-icon<\/title><g id=\"a2db11b3-5623-466b-a28d-fa1595a1ff7d\" data-name=\"Home-Page-\"><g id=\"a060ad71-be4b-4462-8469-bf6bb42ed1bf\" data-name=\"Hero\"><path d=\"M24.8505,18.7959a.5.5,0,0,0-.707.0059L12.871,30.2773V.5a.5.5,0,0,0-1,0V30.2588L.86,18.8057A.5.5,0,1,0,.14,19.499L12.0087,31.8447l.0078.0078.001.001a.5057.5057,0,0,0,.1274.0928h.001l.001.001.0015.0009a.3267.3267,0,0,0,.0415.0176A.5029.5029,0,0,0,12.3573,32h.0288a.4941.4941,0,0,0,.1783-.0391l.02-.0078v-.001h.002l.0014-.0009a.4835.4835,0,0,0,.1358-.0967h0l.0054-.0059L24.8564,19.5029A.5.5,0,0,0,24.8505,18.7959Z\"><\/path><\/g><\/g><\/svg>\t\t\t<\/a>\n\t\t<\/div>\n\t\t\t\t<\/div>\n\t\t\t\t<\/div>\n\t\t\t\t\t<\/div>\n\t\t<\/div>\n\t\t\t\t\t<\/div>\n\t\t<\/section>\n\t\t\t\t<section class=\"elementor-section elementor-top-section elementor-element elementor-element-20b9e453 elementor-section-height-min-height elementor-section-boxed elementor-section-height-default elementor-section-items-middle\" data-id=\"20b9e453\" data-element_type=\"section\" id=\"experience\" data-settings=\"{&quot;background_background&quot;:&quot;classic&quot;}\">\n\t\t\t\t\t\t<div class=\"elementor-container elementor-column-gap-default\">\n\t\t\t\t\t<div class=\"elementor-column elementor-col-100 elementor-top-column elementor-element elementor-element-6c09d55e\" data-id=\"6c09d55e\" data-element_type=\"column\">\n\t\t\t<div class=\"elementor-widget-wrap elementor-element-populated\">\n\t\t\t\t\t\t<div class=\"elementor-element elementor-element-d3bca9a elementor-widget elementor-widget-heading\" data-id=\"d3bca9a\" data-element_type=\"widget\" data-widget_type=\"heading.default\">\n\t\t\t\t<div class=\"elementor-widget-container\">\n\t\t\t<h2 class=\"elementor-heading-title elementor-size-default\">UNSERE KOMPETENZ F\u00dcR SIE IM EINSATZ<\/h2>\t\t<\/div>\n\t\t\t\t<\/div>\n\t\t\t\t<div class=\"elementor-element elementor-element-d0fa3e0 elementor-widget elementor-widget-text-editor\" data-id=\"d0fa3e0\" data-element_type=\"widget\" data-widget_type=\"text-editor.default\">\n\t\t\t\t<div class=\"elementor-widget-container\">\n\t\t\t<style>\/*! elementor - v3.23.0 - 05-08-2024 *\/\n.elementor-widget-text-editor.elementor-drop-cap-view-stacked .elementor-drop-cap{background-color:#69727d;color:#fff}.elementor-widget-text-editor.elementor-drop-cap-view-framed .elementor-drop-cap{color:#69727d;border:3px solid;background-color:transparent}.elementor-widget-text-editor:not(.elementor-drop-cap-view-default) .elementor-drop-cap{margin-top:8px}.elementor-widget-text-editor:not(.elementor-drop-cap-view-default) .elementor-drop-cap-letter{width:1em;height:1em}.elementor-widget-text-editor .elementor-drop-cap{float:left;text-align:center;line-height:1;font-size:50px}.elementor-widget-text-editor .elementor-drop-cap-letter{display:inline-block}<\/style>\t\t\t\t<p>Wir bieten Planungen, Ausschreibungen und \u00f6rtliche Bau\u00fcberwachung f\u00fcr Bauwerke der Wasserversorgung, der Abwasserentsorgung, der Versorgung mit Medien wie Gas, Fernw\u00e4rme, Strom und Telekommunikation \u2013 sowie f\u00fcr den Br\u00fcckenbau als auch f\u00fcr Verkehrsanlagen (Stra\u00dfenbau).<\/p><p>Unsere Kernkompetenz ist die komplette Erschlie\u00dfung von Baugebieten.<\/p>\t\t\t\t\t\t<\/div>\n\t\t\t\t<\/div>\n\t\t\t\t\t<\/div>\n\t\t<\/div>\n\t\t\t\t\t<\/div>\n\t\t<\/section>\n\t\t\t\t<\/div>\n\t\t","protected":false},"excerpt":{"rendered":"<p>INGENIEURBAUWERKE scroll-down-icon UNSERE KOMPETENZ F\u00dcR SIE IM EINSATZ Wir bieten Planungen, Ausschreibungen und \u00f6rtliche Bau\u00fcberwachung f\u00fcr Bauwerke der Wasserversorgung, der Abwasserentsorgung, der Versorgung mit Medien wie Gas, Fernw\u00e4rme, Strom und Telekommunikation \u2013 sowie f\u00fcr den Br\u00fcckenbau als auch f\u00fcr Verkehrsanlagen (Stra\u00dfenbau). Unsere Kernkompetenz ist die komplette Erschlie\u00dfung von Baugebieten.<\/p>\n","protected":false},"author":1,"featured_media":0,"parent":0,"menu_order":0,"comment_status":"closed","ping_status":"closed","template":"elementor_header_footer","meta":{"footnotes":""},"class_list":["post-489","page","type-page","status-publish","hentry"],"yoast_head":"<!-- This site is optimized with the Yoast SEO plugin v23.3 - https:\/\/yoast.com\/wordpress\/plugins\/seo\/ -->\n<title>Ingenieurbauwerke - Hamm Ingenieurb\u00fcro<\/title>\n<meta name=\"robots\" content=\"index, follow, max-snippet:-1, max-image-preview:large, max-video-preview:-1\" \/>\n<link rel=\"canonical\" href=\"https:\/\/www.hamm-ingenieurbuero.de\/?page_id=489\" \/>\n<meta property=\"og:locale\" content=\"de_DE\" \/>\n<meta property=\"og:type\" content=\"article\" \/>\n<meta property=\"og:title\" content=\"Ingenieurbauwerke - Hamm Ingenieurb\u00fcro\" \/>\n<meta property=\"og:description\" content=\"INGENIEURBAUWERKE scroll-down-icon UNSERE KOMPETENZ F\u00dcR SIE IM EINSATZ Wir bieten Planungen, Ausschreibungen und \u00f6rtliche Bau\u00fcberwachung f\u00fcr Bauwerke der Wasserversorgung, der Abwasserentsorgung, der Versorgung mit Medien wie Gas, Fernw\u00e4rme, Strom und Telekommunikation \u2013 sowie f\u00fcr den Br\u00fcckenbau als auch f\u00fcr Verkehrsanlagen (Stra\u00dfenbau). Unsere Kernkompetenz ist die komplette Erschlie\u00dfung von Baugebieten.\" \/>\n<meta property=\"og:url\" content=\"https:\/\/www.hamm-ingenieurbuero.de\/?page_id=489\" \/>\n<meta property=\"og:site_name\" content=\"Hamm Ingenieurb\u00fcro\" \/>\n<meta property=\"article:publisher\" content=\"https:\/\/www.facebook.com\/HAMM.Ing.GmbH\/\" \/>\n<meta property=\"article:modified_time\" content=\"2023-03-08T10:10:48+00:00\" \/>\n<meta name=\"twitter:card\" content=\"summary_large_image\" \/>\n<script type=\"application\/ld+json\" class=\"yoast-schema-graph\">{\"@context\":\"https:\/\/schema.org\",\"@graph\":[{\"@type\":\"WebPage\",\"@id\":\"https:\/\/www.hamm-ingenieurbuero.de\/?page_id=489\",\"url\":\"https:\/\/www.hamm-ingenieurbuero.de\/?page_id=489\",\"name\":\"Ingenieurbauwerke - Hamm Ingenieurb\u00fcro\",\"isPartOf\":{\"@id\":\"https:\/\/www.hamm-ingenieurbuero.de\/#website\"},\"datePublished\":\"2023-03-08T09:56:08+00:00\",\"dateModified\":\"2023-03-08T10:10:48+00:00\",\"breadcrumb\":{\"@id\":\"https:\/\/www.hamm-ingenieurbuero.de\/?page_id=489#breadcrumb\"},\"inLanguage\":\"de\",\"potentialAction\":[{\"@type\":\"ReadAction\",\"target\":[\"https:\/\/www.hamm-ingenieurbuero.de\/?page_id=489\"]}]},{\"@type\":\"BreadcrumbList\",\"@id\":\"https:\/\/www.hamm-ingenieurbuero.de\/?page_id=489#breadcrumb\",\"itemListElement\":[{\"@type\":\"ListItem\",\"position\":1,\"name\":\"Startseite\",\"item\":\"https:\/\/www.hamm-ingenieurbuero.de\/\"},{\"@type\":\"ListItem\",\"position\":2,\"name\":\"Ingenieurbauwerke\"}]},{\"@type\":\"WebSite\",\"@id\":\"https:\/\/www.hamm-ingenieurbuero.de\/#website\",\"url\":\"https:\/\/www.hamm-ingenieurbuero.de\/\",\"name\":\"Hamm Ingenieurb\u00fcro\",\"description\":\"\",\"publisher\":{\"@id\":\"https:\/\/www.hamm-ingenieurbuero.de\/#organization\"},\"potentialAction\":[{\"@type\":\"SearchAction\",\"target\":{\"@type\":\"EntryPoint\",\"urlTemplate\":\"https:\/\/www.hamm-ingenieurbuero.de\/?s={search_term_string}\"},\"query-input\":\"required name=search_term_string\"}],\"inLanguage\":\"de\"},{\"@type\":\"Organization\",\"@id\":\"https:\/\/www.hamm-ingenieurbuero.de\/#organization\",\"name\":\"Hamm Ingenieurb\u00fcro\",\"url\":\"https:\/\/www.hamm-ingenieurbuero.de\/\",\"logo\":{\"@type\":\"ImageObject\",\"inLanguage\":\"de\",\"@id\":\"https:\/\/www.hamm-ingenieurbuero.de\/#\/schema\/logo\/image\/\",\"url\":\"https:\/\/www.hamm-ingenieurbuero.de\/wp-content\/uploads\/2023\/03\/logo-blau.png\",\"contentUrl\":\"https:\/\/www.hamm-ingenieurbuero.de\/wp-content\/uploads\/2023\/03\/logo-blau.png\",\"width\":3508,\"height\":2480,\"caption\":\"Hamm Ingenieurb\u00fcro\"},\"image\":{\"@id\":\"https:\/\/www.hamm-ingenieurbuero.de\/#\/schema\/logo\/image\/\"},\"sameAs\":[\"https:\/\/www.facebook.com\/HAMM.Ing.GmbH\/\",\"https:\/\/www.instagram.com\/hammingenieurbuero\/\"]}]}<\/script>\n<!-- \/ Yoast SEO plugin. -->","yoast_head_json":{"title":"Ingenieurbauwerke - Hamm Ingenieurb\u00fcro","robots":{"index":"index","follow":"follow","max-snippet":"max-snippet:-1","max-image-preview":"max-image-preview:large","max-video-preview":"max-video-preview:-1"},"canonical":"https:\/\/www.hamm-ingenieurbuero.de\/?page_id=489","og_locale":"de_DE","og_type":"article","og_title":"Ingenieurbauwerke - Hamm Ingenieurb\u00fcro","og_description":"INGENIEURBAUWERKE scroll-down-icon UNSERE KOMPETENZ F\u00dcR SIE IM EINSATZ Wir bieten Planungen, Ausschreibungen und \u00f6rtliche Bau\u00fcberwachung f\u00fcr Bauwerke der Wasserversorgung, der Abwasserentsorgung, der Versorgung mit Medien wie Gas, Fernw\u00e4rme, Strom und Telekommunikation \u2013 sowie f\u00fcr den Br\u00fcckenbau als auch f\u00fcr Verkehrsanlagen (Stra\u00dfenbau). Unsere Kernkompetenz ist die komplette Erschlie\u00dfung von Baugebieten.","og_url":"https:\/\/www.hamm-ingenieurbuero.de\/?page_id=489","og_site_name":"Hamm Ingenieurb\u00fcro","article_publisher":"https:\/\/www.facebook.com\/HAMM.Ing.GmbH\/","article_modified_time":"2023-03-08T10:10:48+00:00","twitter_card":"summary_large_image","schema":{"@context":"https:\/\/schema.org","@graph":[{"@type":"WebPage","@id":"https:\/\/www.hamm-ingenieurbuero.de\/?page_id=489","url":"https:\/\/www.hamm-ingenieurbuero.de\/?page_id=489","name":"Ingenieurbauwerke - Hamm Ingenieurb\u00fcro","isPartOf":{"@id":"https:\/\/www.hamm-ingenieurbuero.de\/#website"},"datePublished":"2023-03-08T09:56:08+00:00","dateModified":"2023-03-08T10:10:48+00:00","breadcrumb":{"@id":"https:\/\/www.hamm-ingenieurbuero.de\/?page_id=489#breadcrumb"},"inLanguage":"de","potentialAction":[{"@type":"ReadAction","target":["https:\/\/www.hamm-ingenieurbuero.de\/?page_id=489"]}]},{"@type":"BreadcrumbList","@id":"https:\/\/www.hamm-ingenieurbuero.de\/?page_id=489#breadcrumb","itemListElement":[{"@type":"ListItem","position":1,"name":"Startseite","item":"https:\/\/www.hamm-ingenieurbuero.de\/"},{"@type":"ListItem","position":2,"name":"Ingenieurbauwerke"}]},{"@type":"WebSite","@id":"https:\/\/www.hamm-ingenieurbuero.de\/#website","url":"https:\/\/www.hamm-ingenieurbuero.de\/","name":"Hamm Ingenieurb\u00fcro","description":"","publisher":{"@id":"https:\/\/www.hamm-ingenieurbuero.de\/#organization"},"potentialAction":[{"@type":"SearchAction","target":{"@type":"EntryPoint","urlTemplate":"https:\/\/www.hamm-ingenieurbuero.de\/?s={search_term_string}"},"query-input":"required name=search_term_string"}],"inLanguage":"de"},{"@type":"Organization","@id":"https:\/\/www.hamm-ingenieurbuero.de\/#organization","name":"Hamm Ingenieurb\u00fcro","url":"https:\/\/www.hamm-ingenieurbuero.de\/","logo":{"@type":"ImageObject","inLanguage":"de","@id":"https:\/\/www.hamm-ingenieurbuero.de\/#\/schema\/logo\/image\/","url":"https:\/\/www.hamm-ingenieurbuero.de\/wp-content\/uploads\/2023\/03\/logo-blau.png","contentUrl":"https:\/\/www.hamm-ingenieurbuero.de\/wp-content\/uploads\/2023\/03\/logo-blau.png","width":3508,"height":2480,"caption":"Hamm Ingenieurb\u00fcro"},"image":{"@id":"https:\/\/www.hamm-ingenieurbuero.de\/#\/schema\/logo\/image\/"},"sameAs":["https:\/\/www.facebook.com\/HAMM.Ing.GmbH\/","https:\/\/www.instagram.com\/hammingenieurbuero\/"]}]}},"_links":{"self":[{"href":"https:\/\/www.hamm-ingenieurbuero.de\/index.php?rest_route=\/wp\/v2\/pages\/489","targetHints":{"allow":["GET"]}}],"collection":[{"href":"https:\/\/www.hamm-ingenieurbuero.de\/index.php?rest_route=\/wp\/v2\/pages"}],"about":[{"href":"https:\/\/www.hamm-ingenieurbuero.de\/index.php?rest_route=\/wp\/v2\/types\/page"}],"author":[{"embeddable":true,"href":"https:\/\/www.hamm-ingenieurbuero.de\/index.php?rest_route=\/wp\/v2\/users\/1"}],"replies":[{"embeddable":true,"href":"https:\/\/www.hamm-ingenieurbuero.de\/index.php?rest_route=%2Fwp%2Fv2%2Fcomments&post=489"}],"version-history":[{"count":10,"href":"https:\/\/www.hamm-ingenieurbuero.de\/index.php?rest_route=\/wp\/v2\/pages\/489\/revisions"}],"predecessor-version":[{"id":597,"href":"https:\/\/www.hamm-ingenieurbuero.de\/index.php?rest_route=\/wp\/v2\/pages\/489\/revisions\/597"}],"wp:attachment":[{"href":"https:\/\/www.hamm-ingenieurbuero.de\/index.php?rest_route=%2Fwp%2Fv2%2Fmedia&parent=489"}],"curies":[{"name":"wp","href":"https:\/\/api.w.org\/{rel}","templated":true}]}}