{"id":484,"date":"2023-03-08T09:56:08","date_gmt":"2023-03-08T09:56:08","guid":{"rendered":"https:\/\/www.hamm-ingenieurbuero.de\/?page_id=484"},"modified":"2023-03-08T10:04:47","modified_gmt":"2023-03-08T10:04:47","slug":"statik","status":"publish","type":"page","link":"https:\/\/www.hamm-ingenieurbuero.de\/?page_id=484","title":{"rendered":"Tragwerksplanung"},"content":{"rendered":"\t\t<div data-elementor-type=\"wp-page\" data-elementor-id=\"484\" class=\"elementor elementor-484\" data-elementor-post-type=\"page\">\n\t\t\t\t\t\t<section class=\"elementor-section elementor-top-section elementor-element elementor-element-4f728a12 elementor-section-full_width elementor-section-height-min-height elementor-section-height-default elementor-section-items-middle\" data-id=\"4f728a12\" data-element_type=\"section\" data-settings=\"{&quot;background_background&quot;:&quot;classic&quot;}\">\n\t\t\t\t\t\t<div class=\"elementor-container elementor-column-gap-default\">\n\t\t\t\t\t<div class=\"elementor-column elementor-col-100 elementor-top-column elementor-element elementor-element-2a4d90ca\" data-id=\"2a4d90ca\" data-element_type=\"column\" data-settings=\"{&quot;background_background&quot;:&quot;classic&quot;}\">\n\t\t\t<div class=\"elementor-widget-wrap elementor-element-populated\">\n\t\t\t\t\t\t<div class=\"elementor-element elementor-element-c60ecf1 elementor-widget elementor-widget-heading\" data-id=\"c60ecf1\" data-element_type=\"widget\" data-widget_type=\"heading.default\">\n\t\t\t\t<div class=\"elementor-widget-container\">\n\t\t\t<style>\/*! elementor - v3.23.0 - 05-08-2024 *\/\n.elementor-heading-title{padding:0;margin:0;line-height:1}.elementor-widget-heading .elementor-heading-title[class*=elementor-size-]>a{color:inherit;font-size:inherit;line-height:inherit}.elementor-widget-heading .elementor-heading-title.elementor-size-small{font-size:15px}.elementor-widget-heading .elementor-heading-title.elementor-size-medium{font-size:19px}.elementor-widget-heading .elementor-heading-title.elementor-size-large{font-size:29px}.elementor-widget-heading .elementor-heading-title.elementor-size-xl{font-size:39px}.elementor-widget-heading .elementor-heading-title.elementor-size-xxl{font-size:59px}<\/style><h2 class=\"elementor-heading-title elementor-size-default\">TRAGWERKSPLANUNG<\/h2>\t\t<\/div>\n\t\t\t\t<\/div>\n\t\t\t\t\t<\/div>\n\t\t<\/div>\n\t\t\t\t\t<\/div>\n\t\t<\/section>\n\t\t\t\t<section class=\"elementor-section elementor-top-section elementor-element elementor-element-82dac36 elementor-section-full_width elementor-section-height-default elementor-section-height-default\" data-id=\"82dac36\" data-element_type=\"section\" data-settings=\"{&quot;background_background&quot;:&quot;classic&quot;}\">\n\t\t\t\t\t\t<div class=\"elementor-container elementor-column-gap-default\">\n\t\t\t\t\t<div class=\"elementor-column elementor-col-100 elementor-top-column elementor-element elementor-element-531cf225\" data-id=\"531cf225\" data-element_type=\"column\">\n\t\t\t<div class=\"elementor-widget-wrap elementor-element-populated\">\n\t\t\t\t\t\t<div class=\"elementor-element elementor-element-1e216a4f elementor-view-default elementor-invisible elementor-widget elementor-widget-icon\" data-id=\"1e216a4f\" data-element_type=\"widget\" data-settings=\"{&quot;_animation&quot;:&quot;fadeInDown&quot;}\" data-widget_type=\"icon.default\">\n\t\t\t\t<div class=\"elementor-widget-container\">\n\t\t\t\t\t<div class=\"elementor-icon-wrapper\">\n\t\t\t<a class=\"elementor-icon\" href=\"#experience\">\n\t\t\t<svg xmlns=\"http:\/\/www.w3.org\/2000\/svg\" id=\"f091b371-0a0c-4a7a-b831-d1a750619811\" data-name=\"Layer 1\" viewBox=\"0 0 24.9999 32\"><title>scroll-down-icon<\/title><g id=\"a2db11b3-5623-466b-a28d-fa1595a1ff7d\" data-name=\"Home-Page-\"><g id=\"a060ad71-be4b-4462-8469-bf6bb42ed1bf\" data-name=\"Hero\"><path d=\"M24.8505,18.7959a.5.5,0,0,0-.707.0059L12.871,30.2773V.5a.5.5,0,0,0-1,0V30.2588L.86,18.8057A.5.5,0,1,0,.14,19.499L12.0087,31.8447l.0078.0078.001.001a.5057.5057,0,0,0,.1274.0928h.001l.001.001.0015.0009a.3267.3267,0,0,0,.0415.0176A.5029.5029,0,0,0,12.3573,32h.0288a.4941.4941,0,0,0,.1783-.0391l.02-.0078v-.001h.002l.0014-.0009a.4835.4835,0,0,0,.1358-.0967h0l.0054-.0059L24.8564,19.5029A.5.5,0,0,0,24.8505,18.7959Z\"><\/path><\/g><\/g><\/svg>\t\t\t<\/a>\n\t\t<\/div>\n\t\t\t\t<\/div>\n\t\t\t\t<\/div>\n\t\t\t\t\t<\/div>\n\t\t<\/div>\n\t\t\t\t\t<\/div>\n\t\t<\/section>\n\t\t\t\t<section class=\"elementor-section elementor-top-section elementor-element elementor-element-20b9e453 elementor-section-height-min-height elementor-section-boxed elementor-section-height-default elementor-section-items-middle\" data-id=\"20b9e453\" data-element_type=\"section\" id=\"experience\" data-settings=\"{&quot;background_background&quot;:&quot;classic&quot;}\">\n\t\t\t\t\t\t<div class=\"elementor-container elementor-column-gap-default\">\n\t\t\t\t\t<div class=\"elementor-column elementor-col-100 elementor-top-column elementor-element elementor-element-6c09d55e\" data-id=\"6c09d55e\" data-element_type=\"column\">\n\t\t\t<div class=\"elementor-widget-wrap elementor-element-populated\">\n\t\t\t\t\t\t<div class=\"elementor-element elementor-element-d3bca9a elementor-widget elementor-widget-heading\" data-id=\"d3bca9a\" data-element_type=\"widget\" data-widget_type=\"heading.default\">\n\t\t\t\t<div class=\"elementor-widget-container\">\n\t\t\t<h2 class=\"elementor-heading-title elementor-size-default\">WIR SPIELEN EINE TRAGENDE ROLLE<\/h2>\t\t<\/div>\n\t\t\t\t<\/div>\n\t\t\t\t<div class=\"elementor-element elementor-element-d0fa3e0 elementor-widget elementor-widget-text-editor\" data-id=\"d0fa3e0\" data-element_type=\"widget\" data-widget_type=\"text-editor.default\">\n\t\t\t\t<div class=\"elementor-widget-container\">\n\t\t\t<style>\/*! elementor - v3.23.0 - 05-08-2024 *\/\n.elementor-widget-text-editor.elementor-drop-cap-view-stacked .elementor-drop-cap{background-color:#69727d;color:#fff}.elementor-widget-text-editor.elementor-drop-cap-view-framed .elementor-drop-cap{color:#69727d;border:3px solid;background-color:transparent}.elementor-widget-text-editor:not(.elementor-drop-cap-view-default) .elementor-drop-cap{margin-top:8px}.elementor-widget-text-editor:not(.elementor-drop-cap-view-default) .elementor-drop-cap-letter{width:1em;height:1em}.elementor-widget-text-editor .elementor-drop-cap{float:left;text-align:center;line-height:1;font-size:50px}.elementor-widget-text-editor .elementor-drop-cap-letter{display:inline-block}<\/style>\t\t\t\t<p>Wir pr\u00fcfen die Tragf\u00e4higkeit und Gebrauchstauglichkeit Ihres Bauvorhabens. Dabei bringen wir statische Berechnungen mit den Forderungen nach Wirtschaftlichkeit und \u00c4sthetik in Einklang.<\/p><p>Unsere Kernkompetenz ist die Konstruktion und Berechnung komplexer statischer Systeme. Wir greifen auf fundierte Erfahrungen in s\u00e4mtlichen Bereichen des Hoch-und Tiefbau zur\u00fcck<\/p>\t\t\t\t\t\t<\/div>\n\t\t\t\t<\/div>\n\t\t\t\t\t<\/div>\n\t\t<\/div>\n\t\t\t\t\t<\/div>\n\t\t<\/section>\n\t\t\t\t<\/div>\n\t\t","protected":false},"excerpt":{"rendered":"<p>TRAGWERKSPLANUNG scroll-down-icon WIR SPIELEN EINE TRAGENDE ROLLE Wir pr\u00fcfen die Tragf\u00e4higkeit und Gebrauchstauglichkeit Ihres Bauvorhabens. Dabei bringen wir statische Berechnungen mit den Forderungen nach Wirtschaftlichkeit und \u00c4sthetik in Einklang. Unsere Kernkompetenz ist die Konstruktion und Berechnung komplexer statischer Systeme. Wir greifen auf fundierte Erfahrungen in s\u00e4mtlichen Bereichen des Hoch-und Tiefbau zur\u00fcck<\/p>\n","protected":false},"author":1,"featured_media":0,"parent":0,"menu_order":0,"comment_status":"closed","ping_status":"closed","template":"elementor_header_footer","meta":{"footnotes":""},"class_list":["post-484","page","type-page","status-publish","hentry"],"yoast_head":"<!-- This site is optimized with the Yoast SEO plugin v23.3 - https:\/\/yoast.com\/wordpress\/plugins\/seo\/ -->\n<title>Tragwerksplanung - Hamm Ingenieurb\u00fcro<\/title>\n<meta name=\"robots\" content=\"index, follow, max-snippet:-1, max-image-preview:large, max-video-preview:-1\" \/>\n<link rel=\"canonical\" href=\"https:\/\/www.hamm-ingenieurbuero.de\/?page_id=484\" \/>\n<meta property=\"og:locale\" content=\"de_DE\" \/>\n<meta property=\"og:type\" content=\"article\" \/>\n<meta property=\"og:title\" content=\"Tragwerksplanung - Hamm Ingenieurb\u00fcro\" \/>\n<meta property=\"og:description\" content=\"TRAGWERKSPLANUNG scroll-down-icon WIR SPIELEN EINE TRAGENDE ROLLE Wir pr\u00fcfen die Tragf\u00e4higkeit und Gebrauchstauglichkeit Ihres Bauvorhabens. Dabei bringen wir statische Berechnungen mit den Forderungen nach Wirtschaftlichkeit und \u00c4sthetik in Einklang. Unsere Kernkompetenz ist die Konstruktion und Berechnung komplexer statischer Systeme. Wir greifen auf fundierte Erfahrungen in s\u00e4mtlichen Bereichen des Hoch-und Tiefbau zur\u00fcck\" \/>\n<meta property=\"og:url\" content=\"https:\/\/www.hamm-ingenieurbuero.de\/?page_id=484\" \/>\n<meta property=\"og:site_name\" content=\"Hamm Ingenieurb\u00fcro\" \/>\n<meta property=\"article:publisher\" content=\"https:\/\/www.facebook.com\/HAMM.Ing.GmbH\/\" \/>\n<meta property=\"article:modified_time\" content=\"2023-03-08T10:04:47+00:00\" \/>\n<meta name=\"twitter:card\" content=\"summary_large_image\" \/>\n<script type=\"application\/ld+json\" class=\"yoast-schema-graph\">{\"@context\":\"https:\/\/schema.org\",\"@graph\":[{\"@type\":\"WebPage\",\"@id\":\"https:\/\/www.hamm-ingenieurbuero.de\/?page_id=484\",\"url\":\"https:\/\/www.hamm-ingenieurbuero.de\/?page_id=484\",\"name\":\"Tragwerksplanung - Hamm Ingenieurb\u00fcro\",\"isPartOf\":{\"@id\":\"https:\/\/www.hamm-ingenieurbuero.de\/#website\"},\"datePublished\":\"2023-03-08T09:56:08+00:00\",\"dateModified\":\"2023-03-08T10:04:47+00:00\",\"breadcrumb\":{\"@id\":\"https:\/\/www.hamm-ingenieurbuero.de\/?page_id=484#breadcrumb\"},\"inLanguage\":\"de\",\"potentialAction\":[{\"@type\":\"ReadAction\",\"target\":[\"https:\/\/www.hamm-ingenieurbuero.de\/?page_id=484\"]}]},{\"@type\":\"BreadcrumbList\",\"@id\":\"https:\/\/www.hamm-ingenieurbuero.de\/?page_id=484#breadcrumb\",\"itemListElement\":[{\"@type\":\"ListItem\",\"position\":1,\"name\":\"Startseite\",\"item\":\"https:\/\/www.hamm-ingenieurbuero.de\/\"},{\"@type\":\"ListItem\",\"position\":2,\"name\":\"Tragwerksplanung\"}]},{\"@type\":\"WebSite\",\"@id\":\"https:\/\/www.hamm-ingenieurbuero.de\/#website\",\"url\":\"https:\/\/www.hamm-ingenieurbuero.de\/\",\"name\":\"Hamm Ingenieurb\u00fcro\",\"description\":\"\",\"publisher\":{\"@id\":\"https:\/\/www.hamm-ingenieurbuero.de\/#organization\"},\"potentialAction\":[{\"@type\":\"SearchAction\",\"target\":{\"@type\":\"EntryPoint\",\"urlTemplate\":\"https:\/\/www.hamm-ingenieurbuero.de\/?s={search_term_string}\"},\"query-input\":\"required name=search_term_string\"}],\"inLanguage\":\"de\"},{\"@type\":\"Organization\",\"@id\":\"https:\/\/www.hamm-ingenieurbuero.de\/#organization\",\"name\":\"Hamm Ingenieurb\u00fcro\",\"url\":\"https:\/\/www.hamm-ingenieurbuero.de\/\",\"logo\":{\"@type\":\"ImageObject\",\"inLanguage\":\"de\",\"@id\":\"https:\/\/www.hamm-ingenieurbuero.de\/#\/schema\/logo\/image\/\",\"url\":\"https:\/\/www.hamm-ingenieurbuero.de\/wp-content\/uploads\/2023\/03\/logo-blau.png\",\"contentUrl\":\"https:\/\/www.hamm-ingenieurbuero.de\/wp-content\/uploads\/2023\/03\/logo-blau.png\",\"width\":3508,\"height\":2480,\"caption\":\"Hamm Ingenieurb\u00fcro\"},\"image\":{\"@id\":\"https:\/\/www.hamm-ingenieurbuero.de\/#\/schema\/logo\/image\/\"},\"sameAs\":[\"https:\/\/www.facebook.com\/HAMM.Ing.GmbH\/\",\"https:\/\/www.instagram.com\/hammingenieurbuero\/\"]}]}<\/script>\n<!-- \/ Yoast SEO plugin. -->","yoast_head_json":{"title":"Tragwerksplanung - Hamm Ingenieurb\u00fcro","robots":{"index":"index","follow":"follow","max-snippet":"max-snippet:-1","max-image-preview":"max-image-preview:large","max-video-preview":"max-video-preview:-1"},"canonical":"https:\/\/www.hamm-ingenieurbuero.de\/?page_id=484","og_locale":"de_DE","og_type":"article","og_title":"Tragwerksplanung - Hamm Ingenieurb\u00fcro","og_description":"TRAGWERKSPLANUNG scroll-down-icon WIR SPIELEN EINE TRAGENDE ROLLE Wir pr\u00fcfen die Tragf\u00e4higkeit und Gebrauchstauglichkeit Ihres Bauvorhabens. Dabei bringen wir statische Berechnungen mit den Forderungen nach Wirtschaftlichkeit und \u00c4sthetik in Einklang. Unsere Kernkompetenz ist die Konstruktion und Berechnung komplexer statischer Systeme. Wir greifen auf fundierte Erfahrungen in s\u00e4mtlichen Bereichen des Hoch-und Tiefbau zur\u00fcck","og_url":"https:\/\/www.hamm-ingenieurbuero.de\/?page_id=484","og_site_name":"Hamm Ingenieurb\u00fcro","article_publisher":"https:\/\/www.facebook.com\/HAMM.Ing.GmbH\/","article_modified_time":"2023-03-08T10:04:47+00:00","twitter_card":"summary_large_image","schema":{"@context":"https:\/\/schema.org","@graph":[{"@type":"WebPage","@id":"https:\/\/www.hamm-ingenieurbuero.de\/?page_id=484","url":"https:\/\/www.hamm-ingenieurbuero.de\/?page_id=484","name":"Tragwerksplanung - Hamm Ingenieurb\u00fcro","isPartOf":{"@id":"https:\/\/www.hamm-ingenieurbuero.de\/#website"},"datePublished":"2023-03-08T09:56:08+00:00","dateModified":"2023-03-08T10:04:47+00:00","breadcrumb":{"@id":"https:\/\/www.hamm-ingenieurbuero.de\/?page_id=484#breadcrumb"},"inLanguage":"de","potentialAction":[{"@type":"ReadAction","target":["https:\/\/www.hamm-ingenieurbuero.de\/?page_id=484"]}]},{"@type":"BreadcrumbList","@id":"https:\/\/www.hamm-ingenieurbuero.de\/?page_id=484#breadcrumb","itemListElement":[{"@type":"ListItem","position":1,"name":"Startseite","item":"https:\/\/www.hamm-ingenieurbuero.de\/"},{"@type":"ListItem","position":2,"name":"Tragwerksplanung"}]},{"@type":"WebSite","@id":"https:\/\/www.hamm-ingenieurbuero.de\/#website","url":"https:\/\/www.hamm-ingenieurbuero.de\/","name":"Hamm Ingenieurb\u00fcro","description":"","publisher":{"@id":"https:\/\/www.hamm-ingenieurbuero.de\/#organization"},"potentialAction":[{"@type":"SearchAction","target":{"@type":"EntryPoint","urlTemplate":"https:\/\/www.hamm-ingenieurbuero.de\/?s={search_term_string}"},"query-input":"required name=search_term_string"}],"inLanguage":"de"},{"@type":"Organization","@id":"https:\/\/www.hamm-ingenieurbuero.de\/#organization","name":"Hamm Ingenieurb\u00fcro","url":"https:\/\/www.hamm-ingenieurbuero.de\/","logo":{"@type":"ImageObject","inLanguage":"de","@id":"https:\/\/www.hamm-ingenieurbuero.de\/#\/schema\/logo\/image\/","url":"https:\/\/www.hamm-ingenieurbuero.de\/wp-content\/uploads\/2023\/03\/logo-blau.png","contentUrl":"https:\/\/www.hamm-ingenieurbuero.de\/wp-content\/uploads\/2023\/03\/logo-blau.png","width":3508,"height":2480,"caption":"Hamm Ingenieurb\u00fcro"},"image":{"@id":"https:\/\/www.hamm-ingenieurbuero.de\/#\/schema\/logo\/image\/"},"sameAs":["https:\/\/www.facebook.com\/HAMM.Ing.GmbH\/","https:\/\/www.instagram.com\/hammingenieurbuero\/"]}]}},"_links":{"self":[{"href":"https:\/\/www.hamm-ingenieurbuero.de\/index.php?rest_route=\/wp\/v2\/pages\/484","targetHints":{"allow":["GET"]}}],"collection":[{"href":"https:\/\/www.hamm-ingenieurbuero.de\/index.php?rest_route=\/wp\/v2\/pages"}],"about":[{"href":"https:\/\/www.hamm-ingenieurbuero.de\/index.php?rest_route=\/wp\/v2\/types\/page"}],"author":[{"embeddable":true,"href":"https:\/\/www.hamm-ingenieurbuero.de\/index.php?rest_route=\/wp\/v2\/users\/1"}],"replies":[{"embeddable":true,"href":"https:\/\/www.hamm-ingenieurbuero.de\/index.php?rest_route=%2Fwp%2Fv2%2Fcomments&post=484"}],"version-history":[{"count":13,"href":"https:\/\/www.hamm-ingenieurbuero.de\/index.php?rest_route=\/wp\/v2\/pages\/484\/revisions"}],"predecessor-version":[{"id":543,"href":"https:\/\/www.hamm-ingenieurbuero.de\/index.php?rest_route=\/wp\/v2\/pages\/484\/revisions\/543"}],"wp:attachment":[{"href":"https:\/\/www.hamm-ingenieurbuero.de\/index.php?rest_route=%2Fwp%2Fv2%2Fmedia&parent=484"}],"curies":[{"name":"wp","href":"https:\/\/api.w.org\/{rel}","templated":true}]}}