{"id":30,"date":"2023-03-07T11:50:01","date_gmt":"2023-03-07T11:50:01","guid":{"rendered":"https:\/\/www.hamm-ingenieurbuero.de\/?page_id=30"},"modified":"2023-06-05T09:06:00","modified_gmt":"2023-06-05T09:06:00","slug":"kontakt","status":"publish","type":"page","link":"https:\/\/www.hamm-ingenieurbuero.de\/?page_id=30","title":{"rendered":"Kontakt"},"content":{"rendered":"\t\t<div data-elementor-type=\"wp-page\" data-elementor-id=\"30\" class=\"elementor elementor-30\" data-elementor-post-type=\"page\">\n\t\t\t\t\t\t<section class=\"elementor-section elementor-top-section elementor-element elementor-element-1d81533 elementor-section-full_width elementor-section-height-min-height elementor-section-height-default elementor-section-items-middle\" data-id=\"1d81533\" data-element_type=\"section\" data-settings=\"{&quot;background_background&quot;:&quot;classic&quot;}\">\n\t\t\t\t\t\t<div class=\"elementor-container elementor-column-gap-default\">\n\t\t\t\t\t<div class=\"elementor-column elementor-col-100 elementor-top-column elementor-element elementor-element-04d47f0\" data-id=\"04d47f0\" data-element_type=\"column\">\n\t\t\t<div class=\"elementor-widget-wrap elementor-element-populated\">\n\t\t\t\t\t\t<div class=\"elementor-element elementor-element-db3a86c elementor-widget elementor-widget-heading\" data-id=\"db3a86c\" data-element_type=\"widget\" data-widget_type=\"heading.default\">\n\t\t\t\t<div class=\"elementor-widget-container\">\n\t\t\t<style>\/*! elementor - v3.23.0 - 05-08-2024 *\/\n.elementor-heading-title{padding:0;margin:0;line-height:1}.elementor-widget-heading .elementor-heading-title[class*=elementor-size-]>a{color:inherit;font-size:inherit;line-height:inherit}.elementor-widget-heading .elementor-heading-title.elementor-size-small{font-size:15px}.elementor-widget-heading .elementor-heading-title.elementor-size-medium{font-size:19px}.elementor-widget-heading .elementor-heading-title.elementor-size-large{font-size:29px}.elementor-widget-heading .elementor-heading-title.elementor-size-xl{font-size:39px}.elementor-widget-heading .elementor-heading-title.elementor-size-xxl{font-size:59px}<\/style><h2 class=\"elementor-heading-title elementor-size-default\">Kontaktieren Sie uns<\/h2>\t\t<\/div>\n\t\t\t\t<\/div>\n\t\t\t\t\t<\/div>\n\t\t<\/div>\n\t\t\t\t\t<\/div>\n\t\t<\/section>\n\t\t\t\t<section class=\"elementor-section elementor-top-section elementor-element elementor-element-4ba9e33f elementor-section-height-min-height elementor-section-boxed elementor-section-height-default elementor-section-items-middle\" data-id=\"4ba9e33f\" data-element_type=\"section\" data-settings=\"{&quot;background_background&quot;:&quot;classic&quot;,&quot;background_motion_fx_motion_fx_scrolling&quot;:&quot;yes&quot;,&quot;background_motion_fx_scale_effect&quot;:&quot;yes&quot;,&quot;background_motion_fx_scale_speed&quot;:{&quot;unit&quot;:&quot;px&quot;,&quot;size&quot;:&quot;1&quot;,&quot;sizes&quot;:[]},&quot;background_motion_fx_scale_direction&quot;:&quot;out-in&quot;,&quot;background_motion_fx_scale_range&quot;:{&quot;unit&quot;:&quot;%&quot;,&quot;size&quot;:&quot;&quot;,&quot;sizes&quot;:{&quot;start&quot;:20,&quot;end&quot;:80}},&quot;background_motion_fx_devices&quot;:[&quot;desktop&quot;,&quot;tablet&quot;,&quot;mobile&quot;]}\">\n\t\t\t\t\t\t<div class=\"elementor-container elementor-column-gap-default\">\n\t\t\t\t\t<div class=\"elementor-column elementor-col-100 elementor-top-column elementor-element elementor-element-21383b76\" data-id=\"21383b76\" data-element_type=\"column\">\n\t\t\t<div class=\"elementor-widget-wrap elementor-element-populated\">\n\t\t\t\t\t\t<section class=\"elementor-section elementor-inner-section elementor-element elementor-element-3345d979 elementor-section-full_width animated-slow elementor-section-height-default elementor-section-height-default elementor-invisible\" data-id=\"3345d979\" data-element_type=\"section\" data-settings=\"{&quot;animation&quot;:&quot;fadeInUp&quot;}\">\n\t\t\t\t\t\t<div class=\"elementor-container elementor-column-gap-default\">\n\t\t\t\t\t<div class=\"elementor-column elementor-col-33 elementor-inner-column elementor-element elementor-element-744afdcd\" data-id=\"744afdcd\" data-element_type=\"column\">\n\t\t\t<div class=\"elementor-widget-wrap elementor-element-populated\">\n\t\t\t\t\t\t<div class=\"elementor-element elementor-element-1d78f66b elementor-widget elementor-widget-heading\" data-id=\"1d78f66b\" data-element_type=\"widget\" data-widget_type=\"heading.default\">\n\t\t\t\t<div class=\"elementor-widget-container\">\n\t\t\t<h4 class=\"elementor-heading-title elementor-size-default\">info@hamm-ibg.de<\/h4>\t\t<\/div>\n\t\t\t\t<\/div>\n\t\t\t\t\t<\/div>\n\t\t<\/div>\n\t\t\t\t<div class=\"elementor-column elementor-col-33 elementor-inner-column elementor-element elementor-element-3ec9688f\" data-id=\"3ec9688f\" data-element_type=\"column\">\n\t\t\t<div class=\"elementor-widget-wrap elementor-element-populated\">\n\t\t\t\t\t\t<div class=\"elementor-element elementor-element-449416cb elementor-widget elementor-widget-heading\" data-id=\"449416cb\" data-element_type=\"widget\" data-widget_type=\"heading.default\">\n\t\t\t\t<div class=\"elementor-widget-container\">\n\t\t\t<h4 class=\"elementor-heading-title elementor-size-default\">0991 988 144 0<\/h4>\t\t<\/div>\n\t\t\t\t<\/div>\n\t\t\t\t\t<\/div>\n\t\t<\/div>\n\t\t\t\t<div class=\"elementor-column elementor-col-33 elementor-inner-column elementor-element elementor-element-2bd48583\" data-id=\"2bd48583\" data-element_type=\"column\">\n\t\t\t<div class=\"elementor-widget-wrap elementor-element-populated\">\n\t\t\t\t\t\t<div class=\"elementor-element elementor-element-f789c5d elementor-widget elementor-widget-heading\" data-id=\"f789c5d\" data-element_type=\"widget\" data-widget_type=\"heading.default\">\n\t\t\t\t<div class=\"elementor-widget-container\">\n\t\t\t<h4 class=\"elementor-heading-title elementor-size-default\">Termine auf Anfrage <\/h4>\t\t<\/div>\n\t\t\t\t<\/div>\n\t\t\t\t\t<\/div>\n\t\t<\/div>\n\t\t\t\t\t<\/div>\n\t\t<\/section>\n\t\t\t\t\t<\/div>\n\t\t<\/div>\n\t\t\t\t\t<\/div>\n\t\t<\/section>\n\t\t\t\t<section class=\"elementor-section elementor-top-section elementor-element elementor-element-5d29994 elementor-section-height-min-height elementor-section-boxed elementor-section-height-default elementor-section-items-middle\" data-id=\"5d29994\" data-element_type=\"section\" data-settings=\"{&quot;background_background&quot;:&quot;classic&quot;}\">\n\t\t\t\t\t\t<div class=\"elementor-container elementor-column-gap-default\">\n\t\t\t\t\t<div class=\"elementor-column elementor-col-100 elementor-top-column elementor-element elementor-element-9f46e07\" data-id=\"9f46e07\" data-element_type=\"column\">\n\t\t\t<div class=\"elementor-widget-wrap\">\n\t\t\t\t\t\t\t<\/div>\n\t\t<\/div>\n\t\t\t\t\t<\/div>\n\t\t<\/section>\n\t\t\t\t<section class=\"elementor-section elementor-top-section elementor-element elementor-element-eba26d0 elementor-section-height-min-height elementor-section-boxed elementor-section-height-default elementor-section-items-middle\" data-id=\"eba26d0\" data-element_type=\"section\" data-settings=\"{&quot;background_background&quot;:&quot;classic&quot;,&quot;background_motion_fx_motion_fx_scrolling&quot;:&quot;yes&quot;,&quot;background_motion_fx_scale_effect&quot;:&quot;yes&quot;,&quot;background_motion_fx_scale_speed&quot;:{&quot;unit&quot;:&quot;px&quot;,&quot;size&quot;:&quot;1&quot;,&quot;sizes&quot;:[]},&quot;background_motion_fx_scale_direction&quot;:&quot;out-in&quot;,&quot;background_motion_fx_scale_range&quot;:{&quot;unit&quot;:&quot;%&quot;,&quot;size&quot;:&quot;&quot;,&quot;sizes&quot;:{&quot;start&quot;:20,&quot;end&quot;:80}},&quot;background_motion_fx_devices&quot;:[&quot;desktop&quot;,&quot;tablet&quot;,&quot;mobile&quot;]}\">\n\t\t\t\t\t\t<div class=\"elementor-container elementor-column-gap-default\">\n\t\t\t\t\t<div class=\"elementor-column elementor-col-100 elementor-top-column elementor-element elementor-element-1fed97b\" data-id=\"1fed97b\" data-element_type=\"column\">\n\t\t\t<div class=\"elementor-widget-wrap elementor-element-populated\">\n\t\t\t\t\t\t<section class=\"elementor-section elementor-inner-section elementor-element elementor-element-1bc5a7d elementor-section-full_width animated-slow elementor-section-height-default elementor-section-height-default elementor-invisible\" data-id=\"1bc5a7d\" data-element_type=\"section\" data-settings=\"{&quot;animation&quot;:&quot;fadeInUp&quot;}\">\n\t\t\t\t\t\t<div class=\"elementor-container elementor-column-gap-default\">\n\t\t\t\t\t<div class=\"elementor-column elementor-col-25 elementor-inner-column elementor-element elementor-element-9361b52\" data-id=\"9361b52\" data-element_type=\"column\">\n\t\t\t<div class=\"elementor-widget-wrap elementor-element-populated\">\n\t\t\t\t\t\t<div class=\"elementor-element elementor-element-d99f6f2 elementor-widget elementor-widget-heading\" data-id=\"d99f6f2\" data-element_type=\"widget\" data-widget_type=\"heading.default\">\n\t\t\t\t<div class=\"elementor-widget-container\">\n\t\t\t<h4 class=\"elementor-heading-title elementor-size-default\">Metten<\/h4>\t\t<\/div>\n\t\t\t\t<\/div>\n\t\t\t\t<div class=\"elementor-element elementor-element-7eccf5e elementor-widget elementor-widget-text-editor\" data-id=\"7eccf5e\" data-element_type=\"widget\" data-widget_type=\"text-editor.default\">\n\t\t\t\t<div class=\"elementor-widget-container\">\n\t\t\t<style>\/*! elementor - v3.23.0 - 05-08-2024 *\/\n.elementor-widget-text-editor.elementor-drop-cap-view-stacked .elementor-drop-cap{background-color:#69727d;color:#fff}.elementor-widget-text-editor.elementor-drop-cap-view-framed .elementor-drop-cap{color:#69727d;border:3px solid;background-color:transparent}.elementor-widget-text-editor:not(.elementor-drop-cap-view-default) .elementor-drop-cap{margin-top:8px}.elementor-widget-text-editor:not(.elementor-drop-cap-view-default) .elementor-drop-cap-letter{width:1em;height:1em}.elementor-widget-text-editor .elementor-drop-cap{float:left;text-align:center;line-height:1;font-size:50px}.elementor-widget-text-editor .elementor-drop-cap-letter{display:inline-block}<\/style>\t\t\t\t<p>Donaustra\u00dfe 32<br \/>94526 Metten<\/p><p>\u00d6ffnungszeiten:\u00a0<br \/>Mo. \u2013 Do. :<br \/>08:00 \u2013 12:00<br \/>13:00 \u2013 17:00<br \/>Fr.: 08:00 \u2013 12:00<\/p><p>Termine nach Vereinbarung.<\/p>\t\t\t\t\t\t<\/div>\n\t\t\t\t<\/div>\n\t\t\t\t\t<\/div>\n\t\t<\/div>\n\t\t\t\t<div class=\"elementor-column elementor-col-25 elementor-inner-column elementor-element elementor-element-04c1bb4\" data-id=\"04c1bb4\" data-element_type=\"column\">\n\t\t\t<div class=\"elementor-widget-wrap elementor-element-populated\">\n\t\t\t\t\t\t<div class=\"elementor-element elementor-element-74d6ac1 elementor-widget elementor-widget-heading\" data-id=\"74d6ac1\" data-element_type=\"widget\" data-widget_type=\"heading.default\">\n\t\t\t\t<div class=\"elementor-widget-container\">\n\t\t\t<h4 class=\"elementor-heading-title elementor-size-default\">Freising<\/h4>\t\t<\/div>\n\t\t\t\t<\/div>\n\t\t\t\t<div class=\"elementor-element elementor-element-50b0c44 elementor-widget elementor-widget-text-editor\" data-id=\"50b0c44\" data-element_type=\"widget\" data-widget_type=\"text-editor.default\">\n\t\t\t\t<div class=\"elementor-widget-container\">\n\t\t\t\t\t\t\t<p>Alois Steinecker Str. 24<br \/>85354 Freising<\/p><p>\u00d6ffnungszeiten:\u00a0<br \/>Mo. \u2013 Do. :<br \/>08:00 \u2013 12:00<br \/>13:00 \u2013 17:00<br \/>Fr.: 08:00 \u2013 12:00<\/p><p>Termine nach Vereinbarung.<\/p>\t\t\t\t\t\t<\/div>\n\t\t\t\t<\/div>\n\t\t\t\t\t<\/div>\n\t\t<\/div>\n\t\t\t\t<div class=\"elementor-column elementor-col-25 elementor-inner-column elementor-element elementor-element-4109cb2\" data-id=\"4109cb2\" data-element_type=\"column\">\n\t\t\t<div class=\"elementor-widget-wrap elementor-element-populated\">\n\t\t\t\t\t\t<div class=\"elementor-element elementor-element-5ccc3bb elementor-widget elementor-widget-heading\" data-id=\"5ccc3bb\" data-element_type=\"widget\" data-widget_type=\"heading.default\">\n\t\t\t\t<div class=\"elementor-widget-container\">\n\t\t\t<h4 class=\"elementor-heading-title elementor-size-default\">Hamburg<\/h4>\t\t<\/div>\n\t\t\t\t<\/div>\n\t\t\t\t<div class=\"elementor-element elementor-element-9a74342 elementor-widget elementor-widget-text-editor\" data-id=\"9a74342\" data-element_type=\"widget\" data-widget_type=\"text-editor.default\">\n\t\t\t\t<div class=\"elementor-widget-container\">\n\t\t\t\t\t\t\t<p>Vogelweide 34<br>22081 Hamburg<\/p>\n<p>\u00d6ffnungszeiten:&nbsp;<\/p>\n<p>Termine nach Vereinbarung.<\/p>\t\t\t\t\t\t<\/div>\n\t\t\t\t<\/div>\n\t\t\t\t\t<\/div>\n\t\t<\/div>\n\t\t\t\t<div class=\"elementor-column elementor-col-25 elementor-inner-column elementor-element elementor-element-791a88b\" data-id=\"791a88b\" data-element_type=\"column\">\n\t\t\t<div class=\"elementor-widget-wrap elementor-element-populated\">\n\t\t\t\t\t\t<div class=\"elementor-element elementor-element-47cd9cd elementor-widget elementor-widget-heading\" data-id=\"47cd9cd\" data-element_type=\"widget\" data-widget_type=\"heading.default\">\n\t\t\t\t<div class=\"elementor-widget-container\">\n\t\t\t<h4 class=\"elementor-heading-title elementor-size-default\">Potsdam<\/h4>\t\t<\/div>\n\t\t\t\t<\/div>\n\t\t\t\t<div class=\"elementor-element elementor-element-e3aac9b elementor-widget elementor-widget-text-editor\" data-id=\"e3aac9b\" data-element_type=\"widget\" data-widget_type=\"text-editor.default\">\n\t\t\t\t<div class=\"elementor-widget-container\">\n\t\t\t\t\t\t\t<p>Am Kiefernwald\u00a0<br \/>14548 Schwielowsee<\/p><p>\u00d6ffnungszeiten:\u00a0<\/p><p>Termine nach Vereinbarung.<\/p>\t\t\t\t\t\t<\/div>\n\t\t\t\t<\/div>\n\t\t\t\t\t<\/div>\n\t\t<\/div>\n\t\t\t\t\t<\/div>\n\t\t<\/section>\n\t\t\t\t\t<\/div>\n\t\t<\/div>\n\t\t\t\t\t<\/div>\n\t\t<\/section>\n\t\t\t\t<\/div>\n\t\t","protected":false},"excerpt":{"rendered":"<p>Kontaktieren Sie uns info@hamm-ibg.de 0991 988 144 0 Termine auf Anfrage Metten Donaustra\u00dfe 3294526 Metten \u00d6ffnungszeiten:\u00a0Mo. \u2013 Do. :08:00 \u2013 12:0013:00 \u2013 17:00Fr.: 08:00 \u2013 12:00 Termine nach Vereinbarung. Freising Alois Steinecker Str. 2485354 Freising \u00d6ffnungszeiten:\u00a0Mo. \u2013 Do. :08:00 \u2013 12:0013:00 \u2013 17:00Fr.: 08:00 \u2013 12:00 Termine nach Vereinbarung. Hamburg Vogelweide 3422081 Hamburg \u00d6ffnungszeiten:&nbsp; Termine [&hellip;]<\/p>\n","protected":false},"author":1,"featured_media":0,"parent":0,"menu_order":0,"comment_status":"closed","ping_status":"closed","template":"elementor_header_footer","meta":{"footnotes":""},"class_list":["post-30","page","type-page","status-publish","hentry"],"yoast_head":"<!-- This site is optimized with the Yoast SEO plugin v23.3 - https:\/\/yoast.com\/wordpress\/plugins\/seo\/ -->\n<title>Kontakt - Hamm Ingenieurb\u00fcro<\/title>\n<meta name=\"robots\" content=\"index, follow, max-snippet:-1, max-image-preview:large, max-video-preview:-1\" \/>\n<link rel=\"canonical\" href=\"https:\/\/www.hamm-ingenieurbuero.de\/?page_id=30\" \/>\n<meta property=\"og:locale\" content=\"de_DE\" \/>\n<meta property=\"og:type\" content=\"article\" \/>\n<meta property=\"og:title\" content=\"Kontakt - Hamm Ingenieurb\u00fcro\" \/>\n<meta property=\"og:description\" content=\"Kontaktieren Sie uns info@hamm-ibg.de 0991 988 144 0 Termine auf Anfrage Metten Donaustra\u00dfe 3294526 Metten \u00d6ffnungszeiten:\u00a0Mo. \u2013 Do. :08:00 \u2013 12:0013:00 \u2013 17:00Fr.: 08:00 \u2013 12:00 Termine nach Vereinbarung. Freising Alois Steinecker Str. 2485354 Freising \u00d6ffnungszeiten:\u00a0Mo. \u2013 Do. :08:00 \u2013 12:0013:00 \u2013 17:00Fr.: 08:00 \u2013 12:00 Termine nach Vereinbarung. Hamburg Vogelweide 3422081 Hamburg \u00d6ffnungszeiten:&nbsp; Termine [&hellip;]\" \/>\n<meta property=\"og:url\" content=\"https:\/\/www.hamm-ingenieurbuero.de\/?page_id=30\" \/>\n<meta property=\"og:site_name\" content=\"Hamm Ingenieurb\u00fcro\" \/>\n<meta property=\"article:publisher\" content=\"https:\/\/www.facebook.com\/HAMM.Ing.GmbH\/\" \/>\n<meta property=\"article:modified_time\" content=\"2023-06-05T09:06:00+00:00\" \/>\n<meta name=\"twitter:card\" content=\"summary_large_image\" \/>\n<script type=\"application\/ld+json\" class=\"yoast-schema-graph\">{\"@context\":\"https:\/\/schema.org\",\"@graph\":[{\"@type\":\"WebPage\",\"@id\":\"https:\/\/www.hamm-ingenieurbuero.de\/?page_id=30\",\"url\":\"https:\/\/www.hamm-ingenieurbuero.de\/?page_id=30\",\"name\":\"Kontakt - Hamm Ingenieurb\u00fcro\",\"isPartOf\":{\"@id\":\"https:\/\/www.hamm-ingenieurbuero.de\/#website\"},\"datePublished\":\"2023-03-07T11:50:01+00:00\",\"dateModified\":\"2023-06-05T09:06:00+00:00\",\"breadcrumb\":{\"@id\":\"https:\/\/www.hamm-ingenieurbuero.de\/?page_id=30#breadcrumb\"},\"inLanguage\":\"de\",\"potentialAction\":[{\"@type\":\"ReadAction\",\"target\":[\"https:\/\/www.hamm-ingenieurbuero.de\/?page_id=30\"]}]},{\"@type\":\"BreadcrumbList\",\"@id\":\"https:\/\/www.hamm-ingenieurbuero.de\/?page_id=30#breadcrumb\",\"itemListElement\":[{\"@type\":\"ListItem\",\"position\":1,\"name\":\"Startseite\",\"item\":\"https:\/\/www.hamm-ingenieurbuero.de\/\"},{\"@type\":\"ListItem\",\"position\":2,\"name\":\"Kontakt\"}]},{\"@type\":\"WebSite\",\"@id\":\"https:\/\/www.hamm-ingenieurbuero.de\/#website\",\"url\":\"https:\/\/www.hamm-ingenieurbuero.de\/\",\"name\":\"Hamm Ingenieurb\u00fcro\",\"description\":\"\",\"publisher\":{\"@id\":\"https:\/\/www.hamm-ingenieurbuero.de\/#organization\"},\"potentialAction\":[{\"@type\":\"SearchAction\",\"target\":{\"@type\":\"EntryPoint\",\"urlTemplate\":\"https:\/\/www.hamm-ingenieurbuero.de\/?s={search_term_string}\"},\"query-input\":\"required name=search_term_string\"}],\"inLanguage\":\"de\"},{\"@type\":\"Organization\",\"@id\":\"https:\/\/www.hamm-ingenieurbuero.de\/#organization\",\"name\":\"Hamm Ingenieurb\u00fcro\",\"url\":\"https:\/\/www.hamm-ingenieurbuero.de\/\",\"logo\":{\"@type\":\"ImageObject\",\"inLanguage\":\"de\",\"@id\":\"https:\/\/www.hamm-ingenieurbuero.de\/#\/schema\/logo\/image\/\",\"url\":\"https:\/\/www.hamm-ingenieurbuero.de\/wp-content\/uploads\/2023\/03\/logo-blau.png\",\"contentUrl\":\"https:\/\/www.hamm-ingenieurbuero.de\/wp-content\/uploads\/2023\/03\/logo-blau.png\",\"width\":3508,\"height\":2480,\"caption\":\"Hamm Ingenieurb\u00fcro\"},\"image\":{\"@id\":\"https:\/\/www.hamm-ingenieurbuero.de\/#\/schema\/logo\/image\/\"},\"sameAs\":[\"https:\/\/www.facebook.com\/HAMM.Ing.GmbH\/\",\"https:\/\/www.instagram.com\/hammingenieurbuero\/\"]}]}<\/script>\n<!-- \/ Yoast SEO plugin. -->","yoast_head_json":{"title":"Kontakt - Hamm Ingenieurb\u00fcro","robots":{"index":"index","follow":"follow","max-snippet":"max-snippet:-1","max-image-preview":"max-image-preview:large","max-video-preview":"max-video-preview:-1"},"canonical":"https:\/\/www.hamm-ingenieurbuero.de\/?page_id=30","og_locale":"de_DE","og_type":"article","og_title":"Kontakt - Hamm Ingenieurb\u00fcro","og_description":"Kontaktieren Sie uns info@hamm-ibg.de 0991 988 144 0 Termine auf Anfrage Metten Donaustra\u00dfe 3294526 Metten \u00d6ffnungszeiten:\u00a0Mo. \u2013 Do. :08:00 \u2013 12:0013:00 \u2013 17:00Fr.: 08:00 \u2013 12:00 Termine nach Vereinbarung. Freising Alois Steinecker Str. 2485354 Freising \u00d6ffnungszeiten:\u00a0Mo. \u2013 Do. :08:00 \u2013 12:0013:00 \u2013 17:00Fr.: 08:00 \u2013 12:00 Termine nach Vereinbarung. Hamburg Vogelweide 3422081 Hamburg \u00d6ffnungszeiten:&nbsp; Termine [&hellip;]","og_url":"https:\/\/www.hamm-ingenieurbuero.de\/?page_id=30","og_site_name":"Hamm Ingenieurb\u00fcro","article_publisher":"https:\/\/www.facebook.com\/HAMM.Ing.GmbH\/","article_modified_time":"2023-06-05T09:06:00+00:00","twitter_card":"summary_large_image","schema":{"@context":"https:\/\/schema.org","@graph":[{"@type":"WebPage","@id":"https:\/\/www.hamm-ingenieurbuero.de\/?page_id=30","url":"https:\/\/www.hamm-ingenieurbuero.de\/?page_id=30","name":"Kontakt - Hamm Ingenieurb\u00fcro","isPartOf":{"@id":"https:\/\/www.hamm-ingenieurbuero.de\/#website"},"datePublished":"2023-03-07T11:50:01+00:00","dateModified":"2023-06-05T09:06:00+00:00","breadcrumb":{"@id":"https:\/\/www.hamm-ingenieurbuero.de\/?page_id=30#breadcrumb"},"inLanguage":"de","potentialAction":[{"@type":"ReadAction","target":["https:\/\/www.hamm-ingenieurbuero.de\/?page_id=30"]}]},{"@type":"BreadcrumbList","@id":"https:\/\/www.hamm-ingenieurbuero.de\/?page_id=30#breadcrumb","itemListElement":[{"@type":"ListItem","position":1,"name":"Startseite","item":"https:\/\/www.hamm-ingenieurbuero.de\/"},{"@type":"ListItem","position":2,"name":"Kontakt"}]},{"@type":"WebSite","@id":"https:\/\/www.hamm-ingenieurbuero.de\/#website","url":"https:\/\/www.hamm-ingenieurbuero.de\/","name":"Hamm Ingenieurb\u00fcro","description":"","publisher":{"@id":"https:\/\/www.hamm-ingenieurbuero.de\/#organization"},"potentialAction":[{"@type":"SearchAction","target":{"@type":"EntryPoint","urlTemplate":"https:\/\/www.hamm-ingenieurbuero.de\/?s={search_term_string}"},"query-input":"required name=search_term_string"}],"inLanguage":"de"},{"@type":"Organization","@id":"https:\/\/www.hamm-ingenieurbuero.de\/#organization","name":"Hamm Ingenieurb\u00fcro","url":"https:\/\/www.hamm-ingenieurbuero.de\/","logo":{"@type":"ImageObject","inLanguage":"de","@id":"https:\/\/www.hamm-ingenieurbuero.de\/#\/schema\/logo\/image\/","url":"https:\/\/www.hamm-ingenieurbuero.de\/wp-content\/uploads\/2023\/03\/logo-blau.png","contentUrl":"https:\/\/www.hamm-ingenieurbuero.de\/wp-content\/uploads\/2023\/03\/logo-blau.png","width":3508,"height":2480,"caption":"Hamm Ingenieurb\u00fcro"},"image":{"@id":"https:\/\/www.hamm-ingenieurbuero.de\/#\/schema\/logo\/image\/"},"sameAs":["https:\/\/www.facebook.com\/HAMM.Ing.GmbH\/","https:\/\/www.instagram.com\/hammingenieurbuero\/"]}]}},"_links":{"self":[{"href":"https:\/\/www.hamm-ingenieurbuero.de\/index.php?rest_route=\/wp\/v2\/pages\/30","targetHints":{"allow":["GET"]}}],"collection":[{"href":"https:\/\/www.hamm-ingenieurbuero.de\/index.php?rest_route=\/wp\/v2\/pages"}],"about":[{"href":"https:\/\/www.hamm-ingenieurbuero.de\/index.php?rest_route=\/wp\/v2\/types\/page"}],"author":[{"embeddable":true,"href":"https:\/\/www.hamm-ingenieurbuero.de\/index.php?rest_route=\/wp\/v2\/users\/1"}],"replies":[{"embeddable":true,"href":"https:\/\/www.hamm-ingenieurbuero.de\/index.php?rest_route=%2Fwp%2Fv2%2Fcomments&post=30"}],"version-history":[{"count":25,"href":"https:\/\/www.hamm-ingenieurbuero.de\/index.php?rest_route=\/wp\/v2\/pages\/30\/revisions"}],"predecessor-version":[{"id":640,"href":"https:\/\/www.hamm-ingenieurbuero.de\/index.php?rest_route=\/wp\/v2\/pages\/30\/revisions\/640"}],"wp:attachment":[{"href":"https:\/\/www.hamm-ingenieurbuero.de\/index.php?rest_route=%2Fwp%2Fv2%2Fmedia&parent=30"}],"curies":[{"name":"wp","href":"https:\/\/api.w.org\/{rel}","templated":true}]}}